{"id":3815,"date":"2020-06-02T19:07:11","date_gmt":"2020-06-02T22:07:11","guid":{"rendered":"https:\/\/renatodias.online\/movimento\/?page_id=3815"},"modified":"2023-03-21T16:22:52","modified_gmt":"2023-03-21T19:22:52","slug":"covid-19","status":"publish","type":"page","link":"https:\/\/renatodias.online\/movimento\/covid-19\/","title":{"rendered":"Covid-19"},"content":{"rendered":"<h3><span style=\"font-size: 16px;\">A doen\u00e7a do coronav\u00edrus (COVID-19) \u00e9 uma doen\u00e7a infecciosa causada por um coronav\u00edrus rec\u00e9m-descoberto.<\/span><\/h3>\n<div>\n<div class=\"CfnCCf\"><\/div>\n<\/div>\n<div class=\"PZPZlf\">\n<div class=\"INGOOb\" data-hveid=\"CDAQAg\" data-ved=\"2ahUKEwjsyYWR47zvAhVaD7kGHUPhBRgQqsIBKAEwJXoECDAQAg\">A maioria das pessoas que adoece em decorr\u00eancia da COVID-19 apresentar\u00e1 sintomas leves a moderados e se recuperar\u00e1 sem tratamento especial.<\/div>\n<\/div>\n<p>[cvct country-code=&#8221;all&#8221; style=&#8221;style-1&#8243; title=&#8221;Estat\u00edsticas Globais&#8221; label-total=&#8221;Total de Casos&#8221; label-deaths=&#8221;Mortes&#8221; label-active=&#8221;Casos ativos&#8221; label-recovered=&#8221;Recuperado&#8221; bg-color=&#8221;#DDDDDD&#8221; font-color=&#8221;#000&#8243;]<\/p>\n<p>&nbsp;<\/p>\n<hr>\n<p>&nbsp;<\/p>\n<p>&nbsp;<\/p>\n<p>[cvct-advance id=&#8221;4043&#8243;]<\/p>\n<hr>\n<p>[cvct-advance id=&#8221;4048&#8243;]<\/p>\n<hr>\n<p>[cvct-advance id=&#8221;4046&#8243;]<\/p>\n<hr>\n<p>&nbsp;<\/p>\n<p>[cvct-advance id=&#8221;4050&#8243;]<\/p>\n<hr>\n<p>[cvct-advance id=&#8221;5483&#8243;]<\/p>\n<hr>\n<div style=\"width: 890px;\" class=\"wp-video\"><!--[if lt IE 9]><script>document.createElement('video');<\/script><![endif]-->\n<video class=\"wp-video-shortcode\" id=\"video-3815-1\" width=\"890\" height=\"400\" loop autoplay preload=\"metadata\" controls=\"controls\"><source type=\"video\/mp4\" src=\"https:\/\/renatodias.online\/movimento\/wp-content\/uploads\/2021\/04\/covide.mp4?_=1\" \/><a href=\"https:\/\/renatodias.online\/movimento\/wp-content\/uploads\/2021\/04\/covide.mp4\">https:\/\/renatodias.online\/movimento\/wp-content\/uploads\/2021\/04\/covide.mp4<\/a><\/video><\/div>\n","protected":false},"excerpt":{"rendered":"<p>A doen\u00e7a do coronav\u00edrus (COVID-19) \u00e9 uma doen\u00e7a infecciosa causada por um coronav\u00edrus rec\u00e9m-descoberto. A maioria das pessoas que adoece em decorr\u00eancia da COVID-19 apresentar\u00e1 sintomas leves a moderados e se recuperar\u00e1 sem tratamento especial. [cvct country-code=&#8221;all&#8221; style=&#8221;style-1&#8243; title=&#8221;Estat\u00edsticas Globais&#8221; label-total=&#8221;Total de Casos&#8221; label-deaths=&#8221;Mortes&#8221; label-active=&#8221;Casos ativos&#8221; label-recovered=&#8221;Recuperado&#8221; bg-color=&#8221;#DDDDDD&#8221; font-color=&#8221;#000&#8243;] &nbsp; &nbsp; &nbsp; [cvct-advance id=&#8221;4043&#8243;] [cvct-advance<\/p>\n","protected":false},"author":1,"featured_media":3497,"parent":0,"menu_order":0,"comment_status":"closed","ping_status":"closed","template":"","meta":{"_acf_changed":false,"_monsterinsights_skip_tracking":false,"_monsterinsights_sitenote_active":false,"_monsterinsights_sitenote_note":"","_monsterinsights_sitenote_category":0,"footnotes":""},"class_list":["post-3815","page","type-page","status-publish","has-post-thumbnail","hentry"],"acf":[],"yoast_head":"<!-- This site is optimized with the Yoast SEO plugin v27.4 - https:\/\/yoast.com\/product\/yoast-seo-wordpress\/ -->\n<title>Covid-19 -<\/title>\n<meta name=\"robots\" content=\"index, follow, max-snippet:-1, max-image-preview:large, max-video-preview:-1\" \/>\n<link rel=\"canonical\" href=\"https:\/\/renatodias.online\/movimento\/covid-19\/\" \/>\n<meta property=\"og:locale\" content=\"pt_BR\" \/>\n<meta property=\"og:type\" content=\"article\" \/>\n<meta property=\"og:title\" content=\"Covid-19 -\" \/>\n<meta property=\"og:description\" content=\"A doen\u00e7a do coronav\u00edrus (COVID-19) \u00e9 uma doen\u00e7a infecciosa causada por um coronav\u00edrus rec\u00e9m-descoberto. A maioria das pessoas que adoece em decorr\u00eancia da COVID-19 apresentar\u00e1 sintomas leves a moderados e se recuperar\u00e1 sem tratamento especial. [cvct country-code=&#8221;all&#8221; style=&#8221;style-1&#8243; title=&#8221;Estat\u00edsticas Globais&#8221; label-total=&#8221;Total de Casos&#8221; label-deaths=&#8221;Mortes&#8221; label-active=&#8221;Casos ativos&#8221; label-recovered=&#8221;Recuperado&#8221; bg-color=&#8221;#DDDDDD&#8221; font-color=&#8221;#000&#8243;] &nbsp; &nbsp; &nbsp; [cvct-advance id=&#8221;4043&#8243;] [cvct-advance\" \/>\n<meta property=\"og:url\" content=\"https:\/\/renatodias.online\/movimento\/covid-19\/\" \/>\n<meta property=\"article:publisher\" content=\"https:\/\/www.facebook.com\/renato.dias.37\" \/>\n<meta property=\"article:modified_time\" content=\"2023-03-21T19:22:52+00:00\" \/>\n<meta property=\"og:image\" content=\"https:\/\/renatodias.online\/movimento\/wp-content\/uploads\/2020\/05\/Imagem-do-Covid-19-8.jpg\" \/>\n\t<meta property=\"og:image:width\" content=\"1200\" \/>\n\t<meta property=\"og:image:height\" content=\"617\" \/>\n\t<meta property=\"og:image:type\" content=\"image\/jpeg\" \/>\n<meta name=\"twitter:card\" content=\"summary_large_image\" \/>\n<meta name=\"twitter:site\" content=\"@RenatoDiasBat\" \/>\n<meta name=\"twitter:label1\" content=\"Est. tempo de leitura\" \/>\n\t<meta name=\"twitter:data1\" content=\"1 minuto\" \/>\n<script type=\"application\/ld+json\" class=\"yoast-schema-graph\">{\"@context\":\"https:\\\/\\\/schema.org\",\"@graph\":[{\"@type\":\"WebPage\",\"@id\":\"https:\\\/\\\/renatodias.online\\\/movimento\\\/covid-19\\\/\",\"url\":\"https:\\\/\\\/renatodias.online\\\/movimento\\\/covid-19\\\/\",\"name\":\"Covid-19 -\",\"isPartOf\":{\"@id\":\"https:\\\/\\\/renatodias.online\\\/movimento\\\/#website\"},\"primaryImageOfPage\":{\"@id\":\"https:\\\/\\\/renatodias.online\\\/movimento\\\/covid-19\\\/#primaryimage\"},\"image\":{\"@id\":\"https:\\\/\\\/renatodias.online\\\/movimento\\\/covid-19\\\/#primaryimage\"},\"thumbnailUrl\":\"https:\\\/\\\/renatodias.online\\\/movimento\\\/wp-content\\\/uploads\\\/2020\\\/05\\\/Imagem-do-Covid-19-8.jpg\",\"datePublished\":\"2020-06-02T22:07:11+00:00\",\"dateModified\":\"2023-03-21T19:22:52+00:00\",\"breadcrumb\":{\"@id\":\"https:\\\/\\\/renatodias.online\\\/movimento\\\/covid-19\\\/#breadcrumb\"},\"inLanguage\":\"pt-BR\",\"potentialAction\":[{\"@type\":\"ReadAction\",\"target\":[\"https:\\\/\\\/renatodias.online\\\/movimento\\\/covid-19\\\/\"]}]},{\"@type\":\"ImageObject\",\"inLanguage\":\"pt-BR\",\"@id\":\"https:\\\/\\\/renatodias.online\\\/movimento\\\/covid-19\\\/#primaryimage\",\"url\":\"https:\\\/\\\/renatodias.online\\\/movimento\\\/wp-content\\\/uploads\\\/2020\\\/05\\\/Imagem-do-Covid-19-8.jpg\",\"contentUrl\":\"https:\\\/\\\/renatodias.online\\\/movimento\\\/wp-content\\\/uploads\\\/2020\\\/05\\\/Imagem-do-Covid-19-8.jpg\",\"width\":1200,\"height\":617,\"caption\":\"covid-19\"},{\"@type\":\"BreadcrumbList\",\"@id\":\"https:\\\/\\\/renatodias.online\\\/movimento\\\/covid-19\\\/#breadcrumb\",\"itemListElement\":[{\"@type\":\"ListItem\",\"position\":1,\"name\":\"In\u00edcio\",\"item\":\"https:\\\/\\\/renatodias.online\\\/movimento\\\/\"},{\"@type\":\"ListItem\",\"position\":2,\"name\":\"Covid-19\"}]},{\"@type\":\"WebSite\",\"@id\":\"https:\\\/\\\/renatodias.online\\\/movimento\\\/#website\",\"url\":\"https:\\\/\\\/renatodias.online\\\/movimento\\\/\",\"name\":\"\",\"description\":\"\",\"publisher\":{\"@id\":\"https:\\\/\\\/renatodias.online\\\/movimento\\\/#\\\/schema\\\/person\\\/bbab28833b1725a20f4083f49f1fb2a9\"},\"potentialAction\":[{\"@type\":\"SearchAction\",\"target\":{\"@type\":\"EntryPoint\",\"urlTemplate\":\"https:\\\/\\\/renatodias.online\\\/movimento\\\/?s={search_term_string}\"},\"query-input\":{\"@type\":\"PropertyValueSpecification\",\"valueRequired\":true,\"valueName\":\"search_term_string\"}}],\"inLanguage\":\"pt-BR\"},{\"@type\":[\"Person\",\"Organization\"],\"@id\":\"https:\\\/\\\/renatodias.online\\\/movimento\\\/#\\\/schema\\\/person\\\/bbab28833b1725a20f4083f49f1fb2a9\",\"name\":\"Renato Dias\",\"image\":{\"@type\":\"ImageObject\",\"inLanguage\":\"pt-BR\",\"@id\":\"https:\\\/\\\/renatodias.online\\\/movimento\\\/wp-content\\\/uploads\\\/2023\\\/03\\\/cropped-cropped-cropped-logofinal.jpeg\",\"url\":\"https:\\\/\\\/renatodias.online\\\/movimento\\\/wp-content\\\/uploads\\\/2023\\\/03\\\/cropped-cropped-cropped-logofinal.jpeg\",\"contentUrl\":\"https:\\\/\\\/renatodias.online\\\/movimento\\\/wp-content\\\/uploads\\\/2023\\\/03\\\/cropped-cropped-cropped-logofinal.jpeg\",\"width\":1280,\"height\":219,\"caption\":\"Renato Dias\"},\"logo\":{\"@id\":\"https:\\\/\\\/renatodias.online\\\/movimento\\\/wp-content\\\/uploads\\\/2023\\\/03\\\/cropped-cropped-cropped-logofinal.jpeg\"},\"description\":\"Renato Dias, 58 anos, \u00e9 graduado em Jornalismo, formado em Ci\u00eancias Sociais, com p\u00f3s-gradua\u00e7\u00e3o em Pol\u00edticas P\u00fablicas, mestre em Direito e Rela\u00e7\u00f5es Internacionais, ex-aluno extraordin\u00e1rio do Doutorado em Psicologia Social, ex-estudante do Curso de Psican\u00e1lise do Centro de Estudos Psicanal\u00edticos do Estado de Goi\u00e1s, ministrado pelo m\u00e9dico psiquiatra e psicanalista Daniel Em\u00eddio de Souza. \u00c9 autor de 30 livros-reportagem, oito document\u00e1rios, ganhou 30 pr\u00eamios e \u00e9 torcedor apaixonado do maior do Centro-Oeste, o Vila Nova Futebol Clube. Casado com Meirilane Dias, \u00e9 pai de Juliana Dias, jornalista; Daniel Dias, economista; e Maria Rosa Dias, estudante antifascista, socialista e trotskista.\u00a0Com tr\u00eas pets: Porquinho [Bull Dog Franc\u00eas], Dalila [Basset Hound] e Geleia [Basset Hound]. Al\u00e9m do eterno gato Tutuquinho, que virou estrela.\",\"sameAs\":[\"https:\\\/\\\/www.facebook.com\\\/renato.dias.37\",\"#breve\",\"https:\\\/\\\/renatodias.tumblr.com\\\/\"]}]}<\/script>\n<!-- \/ Yoast SEO plugin. -->","yoast_head_json":{"title":"Covid-19 -","robots":{"index":"index","follow":"follow","max-snippet":"max-snippet:-1","max-image-preview":"max-image-preview:large","max-video-preview":"max-video-preview:-1"},"canonical":"https:\/\/renatodias.online\/movimento\/covid-19\/","og_locale":"pt_BR","og_type":"article","og_title":"Covid-19 -","og_description":"A doen\u00e7a do coronav\u00edrus (COVID-19) \u00e9 uma doen\u00e7a infecciosa causada por um coronav\u00edrus rec\u00e9m-descoberto. A maioria das pessoas que adoece em decorr\u00eancia da COVID-19 apresentar\u00e1 sintomas leves a moderados e se recuperar\u00e1 sem tratamento especial. [cvct country-code=&#8221;all&#8221; style=&#8221;style-1&#8243; title=&#8221;Estat\u00edsticas Globais&#8221; label-total=&#8221;Total de Casos&#8221; label-deaths=&#8221;Mortes&#8221; label-active=&#8221;Casos ativos&#8221; label-recovered=&#8221;Recuperado&#8221; bg-color=&#8221;#DDDDDD&#8221; font-color=&#8221;#000&#8243;] &nbsp; &nbsp; &nbsp; [cvct-advance id=&#8221;4043&#8243;] [cvct-advance","og_url":"https:\/\/renatodias.online\/movimento\/covid-19\/","article_publisher":"https:\/\/www.facebook.com\/renato.dias.37","article_modified_time":"2023-03-21T19:22:52+00:00","og_image":[{"width":1200,"height":617,"url":"https:\/\/renatodias.online\/movimento\/wp-content\/uploads\/2020\/05\/Imagem-do-Covid-19-8.jpg","type":"image\/jpeg"}],"twitter_card":"summary_large_image","twitter_site":"@RenatoDiasBat","twitter_misc":{"Est. tempo de leitura":"1 minuto"},"schema":{"@context":"https:\/\/schema.org","@graph":[{"@type":"WebPage","@id":"https:\/\/renatodias.online\/movimento\/covid-19\/","url":"https:\/\/renatodias.online\/movimento\/covid-19\/","name":"Covid-19 -","isPartOf":{"@id":"https:\/\/renatodias.online\/movimento\/#website"},"primaryImageOfPage":{"@id":"https:\/\/renatodias.online\/movimento\/covid-19\/#primaryimage"},"image":{"@id":"https:\/\/renatodias.online\/movimento\/covid-19\/#primaryimage"},"thumbnailUrl":"https:\/\/renatodias.online\/movimento\/wp-content\/uploads\/2020\/05\/Imagem-do-Covid-19-8.jpg","datePublished":"2020-06-02T22:07:11+00:00","dateModified":"2023-03-21T19:22:52+00:00","breadcrumb":{"@id":"https:\/\/renatodias.online\/movimento\/covid-19\/#breadcrumb"},"inLanguage":"pt-BR","potentialAction":[{"@type":"ReadAction","target":["https:\/\/renatodias.online\/movimento\/covid-19\/"]}]},{"@type":"ImageObject","inLanguage":"pt-BR","@id":"https:\/\/renatodias.online\/movimento\/covid-19\/#primaryimage","url":"https:\/\/renatodias.online\/movimento\/wp-content\/uploads\/2020\/05\/Imagem-do-Covid-19-8.jpg","contentUrl":"https:\/\/renatodias.online\/movimento\/wp-content\/uploads\/2020\/05\/Imagem-do-Covid-19-8.jpg","width":1200,"height":617,"caption":"covid-19"},{"@type":"BreadcrumbList","@id":"https:\/\/renatodias.online\/movimento\/covid-19\/#breadcrumb","itemListElement":[{"@type":"ListItem","position":1,"name":"In\u00edcio","item":"https:\/\/renatodias.online\/movimento\/"},{"@type":"ListItem","position":2,"name":"Covid-19"}]},{"@type":"WebSite","@id":"https:\/\/renatodias.online\/movimento\/#website","url":"https:\/\/renatodias.online\/movimento\/","name":"","description":"","publisher":{"@id":"https:\/\/renatodias.online\/movimento\/#\/schema\/person\/bbab28833b1725a20f4083f49f1fb2a9"},"potentialAction":[{"@type":"SearchAction","target":{"@type":"EntryPoint","urlTemplate":"https:\/\/renatodias.online\/movimento\/?s={search_term_string}"},"query-input":{"@type":"PropertyValueSpecification","valueRequired":true,"valueName":"search_term_string"}}],"inLanguage":"pt-BR"},{"@type":["Person","Organization"],"@id":"https:\/\/renatodias.online\/movimento\/#\/schema\/person\/bbab28833b1725a20f4083f49f1fb2a9","name":"Renato Dias","image":{"@type":"ImageObject","inLanguage":"pt-BR","@id":"https:\/\/renatodias.online\/movimento\/wp-content\/uploads\/2023\/03\/cropped-cropped-cropped-logofinal.jpeg","url":"https:\/\/renatodias.online\/movimento\/wp-content\/uploads\/2023\/03\/cropped-cropped-cropped-logofinal.jpeg","contentUrl":"https:\/\/renatodias.online\/movimento\/wp-content\/uploads\/2023\/03\/cropped-cropped-cropped-logofinal.jpeg","width":1280,"height":219,"caption":"Renato Dias"},"logo":{"@id":"https:\/\/renatodias.online\/movimento\/wp-content\/uploads\/2023\/03\/cropped-cropped-cropped-logofinal.jpeg"},"description":"Renato Dias, 58 anos, \u00e9 graduado em Jornalismo, formado em Ci\u00eancias Sociais, com p\u00f3s-gradua\u00e7\u00e3o em Pol\u00edticas P\u00fablicas, mestre em Direito e Rela\u00e7\u00f5es Internacionais, ex-aluno extraordin\u00e1rio do Doutorado em Psicologia Social, ex-estudante do Curso de Psican\u00e1lise do Centro de Estudos Psicanal\u00edticos do Estado de Goi\u00e1s, ministrado pelo m\u00e9dico psiquiatra e psicanalista Daniel Em\u00eddio de Souza. \u00c9 autor de 30 livros-reportagem, oito document\u00e1rios, ganhou 30 pr\u00eamios e \u00e9 torcedor apaixonado do maior do Centro-Oeste, o Vila Nova Futebol Clube. Casado com Meirilane Dias, \u00e9 pai de Juliana Dias, jornalista; Daniel Dias, economista; e Maria Rosa Dias, estudante antifascista, socialista e trotskista.\u00a0Com tr\u00eas pets: Porquinho [Bull Dog Franc\u00eas], Dalila [Basset Hound] e Geleia [Basset Hound]. Al\u00e9m do eterno gato Tutuquinho, que virou estrela.","sameAs":["https:\/\/www.facebook.com\/renato.dias.37","#breve","https:\/\/renatodias.tumblr.com\/"]}]}},"_hostinger_reach_plugin_has_subscription_block":false,"_hostinger_reach_plugin_is_elementor":false,"_links":{"self":[{"href":"https:\/\/renatodias.online\/movimento\/wp-json\/wp\/v2\/pages\/3815","targetHints":{"allow":["GET"]}}],"collection":[{"href":"https:\/\/renatodias.online\/movimento\/wp-json\/wp\/v2\/pages"}],"about":[{"href":"https:\/\/renatodias.online\/movimento\/wp-json\/wp\/v2\/types\/page"}],"author":[{"embeddable":true,"href":"https:\/\/renatodias.online\/movimento\/wp-json\/wp\/v2\/users\/1"}],"replies":[{"embeddable":true,"href":"https:\/\/renatodias.online\/movimento\/wp-json\/wp\/v2\/comments?post=3815"}],"version-history":[{"count":27,"href":"https:\/\/renatodias.online\/movimento\/wp-json\/wp\/v2\/pages\/3815\/revisions"}],"predecessor-version":[{"id":16114,"href":"https:\/\/renatodias.online\/movimento\/wp-json\/wp\/v2\/pages\/3815\/revisions\/16114"}],"wp:featuredmedia":[{"embeddable":true,"href":"https:\/\/renatodias.online\/movimento\/wp-json\/wp\/v2\/media\/3497"}],"wp:attachment":[{"href":"https:\/\/renatodias.online\/movimento\/wp-json\/wp\/v2\/media?parent=3815"}],"curies":[{"name":"wp","href":"https:\/\/api.w.org\/{rel}","templated":true}]}}