{"id":239,"date":"2015-03-24T07:28:47","date_gmt":"2015-03-24T07:28:47","guid":{"rendered":"http:\/\/envirra.com\/themes\/espresso_sample\/?page_id=239"},"modified":"2025-08-29T10:56:30","modified_gmt":"2025-08-29T13:56:30","slug":"sample-author-listing","status":"publish","type":"page","link":"https:\/\/renatodias.online\/movimento\/sample-author-listing\/","title":{"rendered":"Renato Dias"},"content":{"rendered":"\n<p>Perfil<\/p>\n\n\n\n<figure class=\"wp-block-image alignleft is-resized\"><img decoding=\"async\" src=\"https:\/\/renatodias.online\/movimento\/wp-content\/uploads\/2019\/10\/renato2.png\" alt=\"\" class=\"wp-image-2143\" style=\"width:404px;height:auto\"\/><\/figure>\n\n\n\n<p><blockquote>\n<p>Renato Dias<\/p>\n<\/blockquote>\n<p><strong>Renato Dias, 53 anos de idade, \u00e9 jornalista graduado pela Alfa. Mais: soci\u00f3logo formado na Universidade Federal de Goi\u00e1s. Especialista em Pol\u00edticas P\u00fablicas [UFG]. Ele possui curso de Gest\u00e3o da Qualidade Total [Fieg\/Sebrae\/CNI] e \u00e9 ainda mestre em Direito, Rela\u00e7\u00f5es Internacionais e Desenvolvimento. Pela Pontif\u00edcia Universidade Cat\u00f3lica de Goi\u00e1s [PUC-GO].<\/strong><br><strong>Autor de: \u2018Luta Armada\/ALN-Molipo &#8211; As Quatro Mortes de Maria Augusta Thomaz\u2019; \u2018Hist\u00f3ria \u2013 Para al\u00e9m do jornal \u2013 Um rep\u00f3rter exuma esqueletos da ditadura civil e militar\u2019; \u2018Pequenas hist\u00f3rias &#8211; Cuba, hoje &#8211; Uma revolu\u00e7\u00e3o envelhecida ou a reinven\u00e7\u00e3o do socialismo?\u2019; \u2018O menino que a ditadura matou \u2013 VAR-Palmares, desaparecimento e o desespero de uma m\u00e3e\u2019. O jornalista escreveu tamb\u00e9m uma obra sobre o que pensam os trotskistas, hoje, no Brasil. Aluno extraordin\u00e1rio do doutorado em Psicologia Social, o pesquisador lan\u00e7ou \u2018N\u00e3o &#8211; Os sem gravata &#8211; Um escritor vai \u00e0 Gr\u00e9cia, diagnostica a crise e descobre qual \u00e9 a do Syriza e da Troika\u2019.<\/strong><br><strong>Um livro-reportagem que relata a realidade econ\u00f4mica, social e pol\u00edtica da Gr\u00e9cia, hoje. O Syriza, com a experi\u00eancia nos ajustes de austeridade, j\u00e1 saiu do poder. Em 2019. \u2018Tardia e Incompleta \u2013 A Justi\u00e7a de Transi\u00e7\u00e3o no Brasil\u2019 \u00e9 de sua autoria. O escritor ganhou 18 pr\u00eamios de jornalismo, literatura e document\u00e1rios. Latino-americanos, nacionais e locais. Renato Dias \u00e9 rep\u00f3rter do Di\u00e1rio da Manh\u00e3, do Programa Controverso, Fonte TV, e editor de renatodias.online<\/strong><\/p>\n<blockquote>\n<p>&nbsp;<\/p>\n<\/blockquote><\/p>\n","protected":false},"excerpt":{"rendered":"<p>Perfil Renato Dias Renato Dias, 53 anos de idade, \u00e9 jornalista graduado pela Alfa. Mais: soci\u00f3logo formado na Universidade Federal de Goi\u00e1s. Especialista em Pol\u00edticas P\u00fablicas [UFG]. Ele possui curso de Gest\u00e3o da Qualidade Total [Fieg\/Sebrae\/CNI] e \u00e9 ainda mestre em Direito, Rela\u00e7\u00f5es Internacionais e Desenvolvimento. Pela Pontif\u00edcia Universidade Cat\u00f3lica de Goi\u00e1s [PUC-GO].Autor de: \u2018Luta<\/p>\n","protected":false},"author":3,"featured_media":0,"parent":0,"menu_order":0,"comment_status":"closed","ping_status":"open","template":"","meta":{"_acf_changed":false,"_monsterinsights_skip_tracking":false,"_monsterinsights_sitenote_active":false,"_monsterinsights_sitenote_note":"","_monsterinsights_sitenote_category":0,"footnotes":""},"class_list":["post-239","page","type-page","status-publish","hentry"],"acf":[],"yoast_head":"<!-- This site is optimized with the Yoast SEO plugin v27.4 - https:\/\/yoast.com\/product\/yoast-seo-wordpress\/ -->\n<title>Renato Dias -<\/title>\n<meta name=\"robots\" content=\"index, follow, max-snippet:-1, max-image-preview:large, max-video-preview:-1\" \/>\n<link rel=\"canonical\" href=\"https:\/\/renatodias.online\/movimento\/sample-author-listing\/\" \/>\n<meta property=\"og:locale\" content=\"pt_BR\" \/>\n<meta property=\"og:type\" content=\"article\" \/>\n<meta property=\"og:title\" content=\"Renato Dias -\" \/>\n<meta property=\"og:description\" content=\"Perfil Renato Dias Renato Dias, 53 anos de idade, \u00e9 jornalista graduado pela Alfa. Mais: soci\u00f3logo formado na Universidade Federal de Goi\u00e1s. Especialista em Pol\u00edticas P\u00fablicas [UFG]. Ele possui curso de Gest\u00e3o da Qualidade Total [Fieg\/Sebrae\/CNI] e \u00e9 ainda mestre em Direito, Rela\u00e7\u00f5es Internacionais e Desenvolvimento. Pela Pontif\u00edcia Universidade Cat\u00f3lica de Goi\u00e1s [PUC-GO].Autor de: \u2018Luta\" \/>\n<meta property=\"og:url\" content=\"https:\/\/renatodias.online\/movimento\/sample-author-listing\/\" \/>\n<meta property=\"article:publisher\" content=\"https:\/\/www.facebook.com\/renato.dias.37\" \/>\n<meta property=\"article:modified_time\" content=\"2025-08-29T13:56:30+00:00\" \/>\n<meta property=\"og:image\" content=\"https:\/\/renatodias.online\/movimento\/wp-content\/uploads\/2019\/09\/renato.jpg\" \/>\n\t<meta property=\"og:image:width\" content=\"183\" \/>\n\t<meta property=\"og:image:height\" content=\"276\" \/>\n\t<meta property=\"og:image:type\" content=\"image\/jpeg\" \/>\n<meta name=\"twitter:card\" content=\"summary_large_image\" \/>\n<meta name=\"twitter:site\" content=\"@RenatoDiasBat\" \/>\n<meta name=\"twitter:label1\" content=\"Est. tempo de leitura\" \/>\n\t<meta name=\"twitter:data1\" content=\"2 minutos\" \/>\n<script type=\"application\/ld+json\" class=\"yoast-schema-graph\">{\"@context\":\"https:\\\/\\\/schema.org\",\"@graph\":[{\"@type\":\"WebPage\",\"@id\":\"https:\\\/\\\/renatodias.online\\\/movimento\\\/sample-author-listing\\\/\",\"url\":\"https:\\\/\\\/renatodias.online\\\/movimento\\\/sample-author-listing\\\/\",\"name\":\"Renato Dias -\",\"isPartOf\":{\"@id\":\"https:\\\/\\\/renatodias.online\\\/movimento\\\/#website\"},\"primaryImageOfPage\":{\"@id\":\"https:\\\/\\\/renatodias.online\\\/movimento\\\/sample-author-listing\\\/#primaryimage\"},\"image\":{\"@id\":\"https:\\\/\\\/renatodias.online\\\/movimento\\\/sample-author-listing\\\/#primaryimage\"},\"thumbnailUrl\":\"https:\\\/\\\/renatodias.online\\\/movimento\\\/wp-content\\\/uploads\\\/2019\\\/10\\\/renato2.png\",\"datePublished\":\"2015-03-24T07:28:47+00:00\",\"dateModified\":\"2025-08-29T13:56:30+00:00\",\"breadcrumb\":{\"@id\":\"https:\\\/\\\/renatodias.online\\\/movimento\\\/sample-author-listing\\\/#breadcrumb\"},\"inLanguage\":\"pt-BR\",\"potentialAction\":[{\"@type\":\"ReadAction\",\"target\":[\"https:\\\/\\\/renatodias.online\\\/movimento\\\/sample-author-listing\\\/\"]}]},{\"@type\":\"ImageObject\",\"inLanguage\":\"pt-BR\",\"@id\":\"https:\\\/\\\/renatodias.online\\\/movimento\\\/sample-author-listing\\\/#primaryimage\",\"url\":\"https:\\\/\\\/renatodias.online\\\/movimento\\\/wp-content\\\/uploads\\\/2019\\\/10\\\/renato2.png\",\"contentUrl\":\"https:\\\/\\\/renatodias.online\\\/movimento\\\/wp-content\\\/uploads\\\/2019\\\/10\\\/renato2.png\",\"width\":573,\"height\":730},{\"@type\":\"BreadcrumbList\",\"@id\":\"https:\\\/\\\/renatodias.online\\\/movimento\\\/sample-author-listing\\\/#breadcrumb\",\"itemListElement\":[{\"@type\":\"ListItem\",\"position\":1,\"name\":\"In\u00edcio\",\"item\":\"https:\\\/\\\/renatodias.online\\\/movimento\\\/\"},{\"@type\":\"ListItem\",\"position\":2,\"name\":\"Renato Dias\"}]},{\"@type\":\"WebSite\",\"@id\":\"https:\\\/\\\/renatodias.online\\\/movimento\\\/#website\",\"url\":\"https:\\\/\\\/renatodias.online\\\/movimento\\\/\",\"name\":\"\",\"description\":\"\",\"publisher\":{\"@id\":\"https:\\\/\\\/renatodias.online\\\/movimento\\\/#\\\/schema\\\/person\\\/bbab28833b1725a20f4083f49f1fb2a9\"},\"potentialAction\":[{\"@type\":\"SearchAction\",\"target\":{\"@type\":\"EntryPoint\",\"urlTemplate\":\"https:\\\/\\\/renatodias.online\\\/movimento\\\/?s={search_term_string}\"},\"query-input\":{\"@type\":\"PropertyValueSpecification\",\"valueRequired\":true,\"valueName\":\"search_term_string\"}}],\"inLanguage\":\"pt-BR\"},{\"@type\":[\"Person\",\"Organization\"],\"@id\":\"https:\\\/\\\/renatodias.online\\\/movimento\\\/#\\\/schema\\\/person\\\/bbab28833b1725a20f4083f49f1fb2a9\",\"name\":\"Renato Dias\",\"image\":{\"@type\":\"ImageObject\",\"inLanguage\":\"pt-BR\",\"@id\":\"https:\\\/\\\/renatodias.online\\\/movimento\\\/wp-content\\\/uploads\\\/2023\\\/03\\\/cropped-cropped-cropped-logofinal.jpeg\",\"url\":\"https:\\\/\\\/renatodias.online\\\/movimento\\\/wp-content\\\/uploads\\\/2023\\\/03\\\/cropped-cropped-cropped-logofinal.jpeg\",\"contentUrl\":\"https:\\\/\\\/renatodias.online\\\/movimento\\\/wp-content\\\/uploads\\\/2023\\\/03\\\/cropped-cropped-cropped-logofinal.jpeg\",\"width\":1280,\"height\":219,\"caption\":\"Renato Dias\"},\"logo\":{\"@id\":\"https:\\\/\\\/renatodias.online\\\/movimento\\\/wp-content\\\/uploads\\\/2023\\\/03\\\/cropped-cropped-cropped-logofinal.jpeg\"},\"description\":\"Renato Dias, 58 anos, \u00e9 graduado em Jornalismo, formado em Ci\u00eancias Sociais, com p\u00f3s-gradua\u00e7\u00e3o em Pol\u00edticas P\u00fablicas, mestre em Direito e Rela\u00e7\u00f5es Internacionais, ex-aluno extraordin\u00e1rio do Doutorado em Psicologia Social, ex-estudante do Curso de Psican\u00e1lise do Centro de Estudos Psicanal\u00edticos do Estado de Goi\u00e1s, ministrado pelo m\u00e9dico psiquiatra e psicanalista Daniel Em\u00eddio de Souza. \u00c9 autor de 30 livros-reportagem, oito document\u00e1rios, ganhou 30 pr\u00eamios e \u00e9 torcedor apaixonado do maior do Centro-Oeste, o Vila Nova Futebol Clube. Casado com Meirilane Dias, \u00e9 pai de Juliana Dias, jornalista; Daniel Dias, economista; e Maria Rosa Dias, estudante antifascista, socialista e trotskista.\u00a0Com tr\u00eas pets: Porquinho [Bull Dog Franc\u00eas], Dalila [Basset Hound] e Geleia [Basset Hound]. Al\u00e9m do eterno gato Tutuquinho, que virou estrela.\",\"sameAs\":[\"https:\\\/\\\/www.facebook.com\\\/renato.dias.37\",\"#breve\",\"https:\\\/\\\/renatodias.tumblr.com\\\/\"]}]}<\/script>\n<!-- \/ Yoast SEO plugin. -->","yoast_head_json":{"title":"Renato Dias -","robots":{"index":"index","follow":"follow","max-snippet":"max-snippet:-1","max-image-preview":"max-image-preview:large","max-video-preview":"max-video-preview:-1"},"canonical":"https:\/\/renatodias.online\/movimento\/sample-author-listing\/","og_locale":"pt_BR","og_type":"article","og_title":"Renato Dias -","og_description":"Perfil Renato Dias Renato Dias, 53 anos de idade, \u00e9 jornalista graduado pela Alfa. Mais: soci\u00f3logo formado na Universidade Federal de Goi\u00e1s. Especialista em Pol\u00edticas P\u00fablicas [UFG]. Ele possui curso de Gest\u00e3o da Qualidade Total [Fieg\/Sebrae\/CNI] e \u00e9 ainda mestre em Direito, Rela\u00e7\u00f5es Internacionais e Desenvolvimento. Pela Pontif\u00edcia Universidade Cat\u00f3lica de Goi\u00e1s [PUC-GO].Autor de: \u2018Luta","og_url":"https:\/\/renatodias.online\/movimento\/sample-author-listing\/","article_publisher":"https:\/\/www.facebook.com\/renato.dias.37","article_modified_time":"2025-08-29T13:56:30+00:00","og_image":[{"width":183,"height":276,"url":"https:\/\/renatodias.online\/movimento\/wp-content\/uploads\/2019\/09\/renato.jpg","type":"image\/jpeg"}],"twitter_card":"summary_large_image","twitter_site":"@RenatoDiasBat","twitter_misc":{"Est. tempo de leitura":"2 minutos"},"schema":{"@context":"https:\/\/schema.org","@graph":[{"@type":"WebPage","@id":"https:\/\/renatodias.online\/movimento\/sample-author-listing\/","url":"https:\/\/renatodias.online\/movimento\/sample-author-listing\/","name":"Renato Dias -","isPartOf":{"@id":"https:\/\/renatodias.online\/movimento\/#website"},"primaryImageOfPage":{"@id":"https:\/\/renatodias.online\/movimento\/sample-author-listing\/#primaryimage"},"image":{"@id":"https:\/\/renatodias.online\/movimento\/sample-author-listing\/#primaryimage"},"thumbnailUrl":"https:\/\/renatodias.online\/movimento\/wp-content\/uploads\/2019\/10\/renato2.png","datePublished":"2015-03-24T07:28:47+00:00","dateModified":"2025-08-29T13:56:30+00:00","breadcrumb":{"@id":"https:\/\/renatodias.online\/movimento\/sample-author-listing\/#breadcrumb"},"inLanguage":"pt-BR","potentialAction":[{"@type":"ReadAction","target":["https:\/\/renatodias.online\/movimento\/sample-author-listing\/"]}]},{"@type":"ImageObject","inLanguage":"pt-BR","@id":"https:\/\/renatodias.online\/movimento\/sample-author-listing\/#primaryimage","url":"https:\/\/renatodias.online\/movimento\/wp-content\/uploads\/2019\/10\/renato2.png","contentUrl":"https:\/\/renatodias.online\/movimento\/wp-content\/uploads\/2019\/10\/renato2.png","width":573,"height":730},{"@type":"BreadcrumbList","@id":"https:\/\/renatodias.online\/movimento\/sample-author-listing\/#breadcrumb","itemListElement":[{"@type":"ListItem","position":1,"name":"In\u00edcio","item":"https:\/\/renatodias.online\/movimento\/"},{"@type":"ListItem","position":2,"name":"Renato Dias"}]},{"@type":"WebSite","@id":"https:\/\/renatodias.online\/movimento\/#website","url":"https:\/\/renatodias.online\/movimento\/","name":"","description":"","publisher":{"@id":"https:\/\/renatodias.online\/movimento\/#\/schema\/person\/bbab28833b1725a20f4083f49f1fb2a9"},"potentialAction":[{"@type":"SearchAction","target":{"@type":"EntryPoint","urlTemplate":"https:\/\/renatodias.online\/movimento\/?s={search_term_string}"},"query-input":{"@type":"PropertyValueSpecification","valueRequired":true,"valueName":"search_term_string"}}],"inLanguage":"pt-BR"},{"@type":["Person","Organization"],"@id":"https:\/\/renatodias.online\/movimento\/#\/schema\/person\/bbab28833b1725a20f4083f49f1fb2a9","name":"Renato Dias","image":{"@type":"ImageObject","inLanguage":"pt-BR","@id":"https:\/\/renatodias.online\/movimento\/wp-content\/uploads\/2023\/03\/cropped-cropped-cropped-logofinal.jpeg","url":"https:\/\/renatodias.online\/movimento\/wp-content\/uploads\/2023\/03\/cropped-cropped-cropped-logofinal.jpeg","contentUrl":"https:\/\/renatodias.online\/movimento\/wp-content\/uploads\/2023\/03\/cropped-cropped-cropped-logofinal.jpeg","width":1280,"height":219,"caption":"Renato Dias"},"logo":{"@id":"https:\/\/renatodias.online\/movimento\/wp-content\/uploads\/2023\/03\/cropped-cropped-cropped-logofinal.jpeg"},"description":"Renato Dias, 58 anos, \u00e9 graduado em Jornalismo, formado em Ci\u00eancias Sociais, com p\u00f3s-gradua\u00e7\u00e3o em Pol\u00edticas P\u00fablicas, mestre em Direito e Rela\u00e7\u00f5es Internacionais, ex-aluno extraordin\u00e1rio do Doutorado em Psicologia Social, ex-estudante do Curso de Psican\u00e1lise do Centro de Estudos Psicanal\u00edticos do Estado de Goi\u00e1s, ministrado pelo m\u00e9dico psiquiatra e psicanalista Daniel Em\u00eddio de Souza. \u00c9 autor de 30 livros-reportagem, oito document\u00e1rios, ganhou 30 pr\u00eamios e \u00e9 torcedor apaixonado do maior do Centro-Oeste, o Vila Nova Futebol Clube. Casado com Meirilane Dias, \u00e9 pai de Juliana Dias, jornalista; Daniel Dias, economista; e Maria Rosa Dias, estudante antifascista, socialista e trotskista.\u00a0Com tr\u00eas pets: Porquinho [Bull Dog Franc\u00eas], Dalila [Basset Hound] e Geleia [Basset Hound]. Al\u00e9m do eterno gato Tutuquinho, que virou estrela.","sameAs":["https:\/\/www.facebook.com\/renato.dias.37","#breve","https:\/\/renatodias.tumblr.com\/"]}]}},"_hostinger_reach_plugin_has_subscription_block":false,"_hostinger_reach_plugin_is_elementor":false,"_links":{"self":[{"href":"https:\/\/renatodias.online\/movimento\/wp-json\/wp\/v2\/pages\/239","targetHints":{"allow":["GET"]}}],"collection":[{"href":"https:\/\/renatodias.online\/movimento\/wp-json\/wp\/v2\/pages"}],"about":[{"href":"https:\/\/renatodias.online\/movimento\/wp-json\/wp\/v2\/types\/page"}],"author":[{"embeddable":true,"href":"https:\/\/renatodias.online\/movimento\/wp-json\/wp\/v2\/users\/3"}],"replies":[{"embeddable":true,"href":"https:\/\/renatodias.online\/movimento\/wp-json\/wp\/v2\/comments?post=239"}],"version-history":[{"count":13,"href":"https:\/\/renatodias.online\/movimento\/wp-json\/wp\/v2\/pages\/239\/revisions"}],"predecessor-version":[{"id":21730,"href":"https:\/\/renatodias.online\/movimento\/wp-json\/wp\/v2\/pages\/239\/revisions\/21730"}],"wp:attachment":[{"href":"https:\/\/renatodias.online\/movimento\/wp-json\/wp\/v2\/media?parent=239"}],"curies":[{"name":"wp","href":"https:\/\/api.w.org\/{rel}","templated":true}]}}